{"id":149,"date":"2019-09-07T20:45:50","date_gmt":"2019-09-07T18:45:50","guid":{"rendered":"http:\/\/jzp.digitell.de\/?page_id=149"},"modified":"2022-01-04T20:52:44","modified_gmt":"2022-01-04T19:52:44","slug":"mentions-legales","status":"publish","type":"page","link":"https:\/\/www.jugendzeltplatz-hauenstein.de\/fr\/mentions-legales\/","title":{"rendered":"Mentions l\u00e9gales"},"content":{"rendered":"<div data-elementor-type=\"wp-post\" data-elementor-id=\"149\" class=\"elementor elementor-149\" data-elementor-post-type=\"page\">\n\t\t\t\t\t\t<section class=\"elementor-section elementor-top-section elementor-element elementor-element-1610507 elementor-section-boxed elementor-section-height-default elementor-section-height-default\" data-id=\"1610507\" data-element_type=\"section\" data-e-type=\"section\">\n\t\t\t\t\t\t<div class=\"elementor-container elementor-column-gap-default\">\n\t\t\t\t\t<div class=\"elementor-column elementor-col-100 elementor-top-column elementor-element elementor-element-8822b20\" data-id=\"8822b20\" data-element_type=\"column\" data-e-type=\"column\">\n\t\t\t<div class=\"elementor-widget-wrap elementor-element-populated\">\n\t\t\t\t\t\t<div class=\"elementor-element elementor-element-369c1a1 elementor-widget elementor-widget-heading\" data-id=\"369c1a1\" data-element_type=\"widget\" data-e-type=\"widget\" data-widget_type=\"heading.default\">\n\t\t\t\t<div class=\"elementor-widget-container\">\n\t\t\t\t\t<p class=\"elementor-heading-title elementor-size-xl\">Mentions l\u00e9gales<\/p>\t\t\t\t<\/div>\n\t\t\t\t<\/div>\n\t\t\t\t<div class=\"elementor-element elementor-element-239c540 elementor-widget elementor-widget-erecht24\" data-id=\"239c540\" data-element_type=\"widget\" data-e-type=\"widget\" data-widget_type=\"erecht24.default\">\n\t\t\t\t<div class=\"elementor-widget-container\">\n\t\t\t\t\t<div class=\"erecht24-elementor-widget\"><div style=\"word-wrap: break-word;\">\n\n<p>Commune de Hauenstein<br \/>\nRue de l'\u00e9cole 4<br \/>\n76846 Hauenstein<\/p>\n\n<p><strong>Repr\u00e9sent\u00e9 par :<\/strong><br \/>\nMaire de la localit\u00e9 Steffen Mellein<\/p>\n\n<h2>Contact<\/h2>\n<p>T\u00e9l\u00e9phone : 06392 915-0<br \/>\nT\u00e9l\u00e9copieur : 06392 915-166<br \/>\nCourrier \u00e9lectronique : steffen.mellein@hauenstein.rlp.de<\/p>\n\n<h2>Responsable de la r\u00e9daction<\/h2>\n<p>Maire de la localit\u00e9 Steffen Mellein<br \/>\r\nRue de l'\u00e9cole 4<br \/>\r\n76846 Hauenstein<\/p>\n\n<h2>R\u00e8glement des litiges de consommation\/organe universel de conciliation<\/h2>\n<p>Nous ne sommes pas pr\u00eats ou oblig\u00e9s de participer \u00e0 des proc\u00e9dures de r\u00e8glement des litiges devant un organisme de conciliation des consommateurs.<\/p><\/div><\/div>\t\t\t\t<\/div>\n\t\t\t\t<\/div>\n\t\t\t\t\t<\/div>\n\t\t<\/div>\n\t\t\t\t\t<\/div>\n\t\t<\/section>\n\t\t\t\t<\/div>","protected":false},"excerpt":{"rendered":"<p>Mentions l\u00e9gales<\/p>","protected":false},"author":1,"featured_media":0,"parent":0,"menu_order":0,"comment_status":"closed","ping_status":"closed","template":"elementor_header_footer","meta":{"footnotes":""},"class_list":["post-149","page","type-page","status-publish","hentry"],"yoast_head":"<!-- This site is optimized with the Yoast SEO plugin v27.3 - https:\/\/yoast.com\/product\/yoast-seo-wordpress\/ -->\n<title>Impressum - Jugendzeltplatz Hauenstein Pfalz<\/title>\n<meta name=\"robots\" content=\"index, follow, max-snippet:-1, max-image-preview:large, max-video-preview:-1\" \/>\n<link rel=\"canonical\" href=\"https:\/\/www.jugendzeltplatz-hauenstein.de\/fr\/mentions-legales\/\" \/>\n<meta property=\"og:locale\" content=\"fr_FR\" \/>\n<meta property=\"og:type\" content=\"article\" \/>\n<meta property=\"og:title\" content=\"Impressum - Jugendzeltplatz Hauenstein Pfalz\" \/>\n<meta property=\"og:description\" content=\"Impressum\" \/>\n<meta property=\"og:url\" content=\"https:\/\/www.jugendzeltplatz-hauenstein.de\/fr\/mentions-legales\/\" \/>\n<meta property=\"og:site_name\" content=\"Jugendzeltplatz Hauenstein Pfalz\" \/>\n<meta property=\"article:modified_time\" content=\"2022-01-04T19:52:44+00:00\" \/>\n<meta name=\"twitter:card\" content=\"summary_large_image\" \/>\n<meta name=\"twitter:label1\" content=\"Dur\u00e9e de lecture estim\u00e9e\" \/>\n\t<meta name=\"twitter:data1\" content=\"1 minute\" \/>\n<script type=\"application\/ld+json\" class=\"yoast-schema-graph\">{\"@context\":\"https:\\\/\\\/schema.org\",\"@graph\":[{\"@type\":\"WebPage\",\"@id\":\"https:\\\/\\\/www.jugendzeltplatz-hauenstein.de\\\/impressum\\\/\",\"url\":\"https:\\\/\\\/www.jugendzeltplatz-hauenstein.de\\\/impressum\\\/\",\"name\":\"Impressum - Jugendzeltplatz Hauenstein Pfalz\",\"isPartOf\":{\"@id\":\"https:\\\/\\\/www.jugendzeltplatz-hauenstein.de\\\/#website\"},\"datePublished\":\"2019-09-07T18:45:50+00:00\",\"dateModified\":\"2022-01-04T19:52:44+00:00\",\"breadcrumb\":{\"@id\":\"https:\\\/\\\/www.jugendzeltplatz-hauenstein.de\\\/impressum\\\/#breadcrumb\"},\"inLanguage\":\"fr-FR\",\"potentialAction\":[{\"@type\":\"ReadAction\",\"target\":[\"https:\\\/\\\/www.jugendzeltplatz-hauenstein.de\\\/impressum\\\/\"]}]},{\"@type\":\"BreadcrumbList\",\"@id\":\"https:\\\/\\\/www.jugendzeltplatz-hauenstein.de\\\/impressum\\\/#breadcrumb\",\"itemListElement\":[{\"@type\":\"ListItem\",\"position\":1,\"name\":\"Startseite\",\"item\":\"https:\\\/\\\/www.jugendzeltplatz-hauenstein.de\\\/\"},{\"@type\":\"ListItem\",\"position\":2,\"name\":\"Impressum\"}]},{\"@type\":\"WebSite\",\"@id\":\"https:\\\/\\\/www.jugendzeltplatz-hauenstein.de\\\/#website\",\"url\":\"https:\\\/\\\/www.jugendzeltplatz-hauenstein.de\\\/\",\"name\":\"Jugendzeltplatz Hauenstein Pfalz\",\"description\":\"Der idyllische Zeltplatz im Biosph\u00e4renreservat Pf\u00e4lzerwald\",\"publisher\":{\"@id\":\"https:\\\/\\\/www.jugendzeltplatz-hauenstein.de\\\/#organization\"},\"potentialAction\":[{\"@type\":\"SearchAction\",\"target\":{\"@type\":\"EntryPoint\",\"urlTemplate\":\"https:\\\/\\\/www.jugendzeltplatz-hauenstein.de\\\/?s={search_term_string}\"},\"query-input\":{\"@type\":\"PropertyValueSpecification\",\"valueRequired\":true,\"valueName\":\"search_term_string\"}}],\"inLanguage\":\"fr-FR\"},{\"@type\":\"Organization\",\"@id\":\"https:\\\/\\\/www.jugendzeltplatz-hauenstein.de\\\/#organization\",\"name\":\"Jugendzeltplatz Hauenstein Pfalz\",\"url\":\"https:\\\/\\\/www.jugendzeltplatz-hauenstein.de\\\/\",\"logo\":{\"@type\":\"ImageObject\",\"inLanguage\":\"fr-FR\",\"@id\":\"https:\\\/\\\/www.jugendzeltplatz-hauenstein.de\\\/#\\\/schema\\\/logo\\\/image\\\/\",\"url\":\"https:\\\/\\\/www.jugendzeltplatz-hauenstein.de\\\/wp-content\\\/uploads\\\/Logo_Jugendzeltplatz-Hauenstein-Pfalz.png\",\"contentUrl\":\"https:\\\/\\\/www.jugendzeltplatz-hauenstein.de\\\/wp-content\\\/uploads\\\/Logo_Jugendzeltplatz-Hauenstein-Pfalz.png\",\"width\":300,\"height\":74,\"caption\":\"Jugendzeltplatz Hauenstein Pfalz\"},\"image\":{\"@id\":\"https:\\\/\\\/www.jugendzeltplatz-hauenstein.de\\\/#\\\/schema\\\/logo\\\/image\\\/\"}}]}<\/script>\n<!-- \/ Yoast SEO plugin. -->","yoast_head_json":{"title":"Mentions l\u00e9gales - Jugendzeltplatz Hauenstein Pfalz (Allemagne)","robots":{"index":"index","follow":"follow","max-snippet":"max-snippet:-1","max-image-preview":"max-image-preview:large","max-video-preview":"max-video-preview:-1"},"canonical":"https:\/\/www.jugendzeltplatz-hauenstein.de\/fr\/mentions-legales\/","og_locale":"fr_FR","og_type":"article","og_title":"Impressum - Jugendzeltplatz Hauenstein Pfalz","og_description":"Impressum","og_url":"https:\/\/www.jugendzeltplatz-hauenstein.de\/fr\/mentions-legales\/","og_site_name":"Jugendzeltplatz Hauenstein Pfalz","article_modified_time":"2022-01-04T19:52:44+00:00","twitter_card":"summary_large_image","twitter_misc":{"Dur\u00e9e de lecture estim\u00e9e":"1 minute"},"schema":{"@context":"https:\/\/schema.org","@graph":[{"@type":"WebPage","@id":"https:\/\/www.jugendzeltplatz-hauenstein.de\/impressum\/","url":"https:\/\/www.jugendzeltplatz-hauenstein.de\/impressum\/","name":"Mentions l\u00e9gales - Jugendzeltplatz Hauenstein Pfalz (Allemagne)","isPartOf":{"@id":"https:\/\/www.jugendzeltplatz-hauenstein.de\/#website"},"datePublished":"2019-09-07T18:45:50+00:00","dateModified":"2022-01-04T19:52:44+00:00","breadcrumb":{"@id":"https:\/\/www.jugendzeltplatz-hauenstein.de\/impressum\/#breadcrumb"},"inLanguage":"fr-FR","potentialAction":[{"@type":"ReadAction","target":["https:\/\/www.jugendzeltplatz-hauenstein.de\/impressum\/"]}]},{"@type":"BreadcrumbList","@id":"https:\/\/www.jugendzeltplatz-hauenstein.de\/impressum\/#breadcrumb","itemListElement":[{"@type":"ListItem","position":1,"name":"Startseite","item":"https:\/\/www.jugendzeltplatz-hauenstein.de\/"},{"@type":"ListItem","position":2,"name":"Impressum"}]},{"@type":"WebSite","@id":"https:\/\/www.jugendzeltplatz-hauenstein.de\/#website","url":"https:\/\/www.jugendzeltplatz-hauenstein.de\/","name":"Camping pour jeunes Hauenstein Pfalz","description":"Le camping idyllique dans la r\u00e9serve de biosph\u00e8re du Pf\u00e4lzerwald","publisher":{"@id":"https:\/\/www.jugendzeltplatz-hauenstein.de\/#organization"},"potentialAction":[{"@type":"SearchAction","target":{"@type":"EntryPoint","urlTemplate":"https:\/\/www.jugendzeltplatz-hauenstein.de\/?s={search_term_string}"},"query-input":{"@type":"PropertyValueSpecification","valueRequired":true,"valueName":"search_term_string"}}],"inLanguage":"fr-FR"},{"@type":"Organization","@id":"https:\/\/www.jugendzeltplatz-hauenstein.de\/#organization","name":"Camping pour jeunes Hauenstein Pfalz","url":"https:\/\/www.jugendzeltplatz-hauenstein.de\/","logo":{"@type":"ImageObject","inLanguage":"fr-FR","@id":"https:\/\/www.jugendzeltplatz-hauenstein.de\/#\/schema\/logo\/image\/","url":"https:\/\/www.jugendzeltplatz-hauenstein.de\/wp-content\/uploads\/Logo_Jugendzeltplatz-Hauenstein-Pfalz.png","contentUrl":"https:\/\/www.jugendzeltplatz-hauenstein.de\/wp-content\/uploads\/Logo_Jugendzeltplatz-Hauenstein-Pfalz.png","width":300,"height":74,"caption":"Jugendzeltplatz Hauenstein Pfalz"},"image":{"@id":"https:\/\/www.jugendzeltplatz-hauenstein.de\/#\/schema\/logo\/image\/"}}]}},"_links":{"self":[{"href":"https:\/\/www.jugendzeltplatz-hauenstein.de\/fr\/wp-json\/wp\/v2\/pages\/149","targetHints":{"allow":["GET"]}}],"collection":[{"href":"https:\/\/www.jugendzeltplatz-hauenstein.de\/fr\/wp-json\/wp\/v2\/pages"}],"about":[{"href":"https:\/\/www.jugendzeltplatz-hauenstein.de\/fr\/wp-json\/wp\/v2\/types\/page"}],"author":[{"embeddable":true,"href":"https:\/\/www.jugendzeltplatz-hauenstein.de\/fr\/wp-json\/wp\/v2\/users\/1"}],"replies":[{"embeddable":true,"href":"https:\/\/www.jugendzeltplatz-hauenstein.de\/fr\/wp-json\/wp\/v2\/comments?post=149"}],"version-history":[{"count":0,"href":"https:\/\/www.jugendzeltplatz-hauenstein.de\/fr\/wp-json\/wp\/v2\/pages\/149\/revisions"}],"wp:attachment":[{"href":"https:\/\/www.jugendzeltplatz-hauenstein.de\/fr\/wp-json\/wp\/v2\/media?parent=149"}],"curies":[{"name":"wp","href":"https:\/\/api.w.org\/{rel}","templated":true}]}}